{"id":8479,"date":"2019-10-15T13:43:19","date_gmt":"2019-10-15T11:43:19","guid":{"rendered":"http:\/\/kamienskidomkultury.pl\/stawnianki\/?page_id=8479"},"modified":"2020-07-01T13:26:34","modified_gmt":"2020-07-01T11:26:34","slug":"piosenki","status":"publish","type":"page","link":"http:\/\/kamienskidomkultury.pl\/stawnianki\/piosenki\/","title":{"rendered":"Piosenki"},"content":{"rendered":"<p style=\"text-align: center;\">\u00a0<\/p>\n<div class=\"wp-playlist wp-audio-playlist wp-playlist-light\">\n\t\t\t<div class=\"wp-playlist-current-item\"><\/div>\n\t\t<audio controls=\"controls\" preload=\"none\" width=\"1158\"\n\t\t\t><\/audio>\n\t<div class=\"wp-playlist-next\"><\/div>\n\t<div class=\"wp-playlist-prev\"><\/div>\n\t<noscript>\n\t<ol>\n\t\t<li><a href='http:\/\/kamienskidomkultury.pl\/stawnianki\/wp-content\/uploads\/2020\/07\/01-Na-mazurskiej-ziemi-ludowa.mp3'>Na Kamie\u0144skiej Ziemi<\/a><\/li><li><a href='http:\/\/kamienskidomkultury.pl\/stawnianki\/wp-content\/uploads\/2020\/07\/02-Miko\u0142ajek-Nadmorski-Kazimiera-Wo\u017aniak.mp3'>Miko\u0142ajek Nadmorski<\/a><\/li><li><a href='http:\/\/kamienskidomkultury.pl\/stawnianki\/wp-content\/uploads\/2020\/07\/03-Chatka-ludowa.mp3'>Chatka<\/a><\/li><li><a href='http:\/\/kamienskidomkultury.pl\/stawnianki\/wp-content\/uploads\/2020\/07\/04-Jakie-\u017cycie-jest-pi\u0119kne-ludowa.mp3'>Jakie \u017cycie jest pi\u0119kne<\/a><\/li><li><a href='http:\/\/kamienskidomkultury.pl\/stawnianki\/wp-content\/uploads\/2020\/07\/05-Ludowa-Nutka-Kazimiera-Wo\u017aniak.mp3'>Ludowa nutka<\/a><\/li><li><a href='http:\/\/kamienskidomkultury.pl\/stawnianki\/wp-content\/uploads\/2020\/07\/06-Ciamajda-ludowa.mp3'>Ciamajda<\/a><\/li><li><a href='http:\/\/kamienskidomkultury.pl\/stawnianki\/wp-content\/uploads\/2020\/07\/07-Oberek-z-Kamienia-Jan-Iwaszczyszyn.mp3'>Oberek z Kamienia<\/a><\/li><li><a href='http:\/\/kamienskidomkultury.pl\/stawnianki\/wp-content\/uploads\/2020\/07\/08-Kupi\u0142a-mama-Jan-Iwaszczyszyn-.mp3'>Kupi\u0142a mama<\/a><\/li><li><a href='http:\/\/kamienskidomkultury.pl\/stawnianki\/wp-content\/uploads\/2020\/07\/09-Zakocha\u0142-si\u0119-ludowa.mp3'>Zakocha\u0142 si\u0119<\/a><\/li><li><a href='http:\/\/kamienskidomkultury.pl\/stawnianki\/wp-content\/uploads\/2020\/07\/10-Tam-kraj-szcz\u0119\u015bliwy-Kazimiera-Wo\u017aniak.mp3'>Tam kraj szcz\u0119\u015bliwy<\/a><\/li><li><a href='http:\/\/kamienskidomkultury.pl\/stawnianki\/wp-content\/uploads\/2020\/07\/11-Trzy-razy-kuku\u0142eczka-ludowa.mp3'>Trzy razy kuku\u0142eczka<\/a><\/li><li><a href='http:\/\/kamienskidomkultury.pl\/stawnianki\/wp-content\/uploads\/2020\/07\/12-\u0141aweczka-Jan-Iwaszczyszyn.mp3'>\u0141aweczka<\/a><\/li><li><a href='http:\/\/kamienskidomkultury.pl\/stawnianki\/wp-content\/uploads\/2020\/07\/13-Zakwit\u0142-w-mym-ogrodzie-jan-Iwaszczyszyn.mp3'>Zakwit\u0142 w mym ogrodzie<\/a><\/li><li><a href='http:\/\/kamienskidomkultury.pl\/stawnianki\/wp-content\/uploads\/2020\/07\/14-Paproci-kwiat-Jan-Iwaszczyszyn.mp3'>Paproci kwiat<\/a><\/li><li><a href='http:\/\/kamienskidomkultury.pl\/stawnianki\/wp-content\/uploads\/2020\/07\/15-Bo\u015bmy-s\u0105-ze-Stawna-Jan-Iwaszczyszyn.mp3'>Bo\u015bmy s\u0105 ze Stawna<\/a><\/li><li><a href='http:\/\/kamienskidomkultury.pl\/stawnianki\/wp-content\/uploads\/2020\/07\/16-Bo-w-Kamieniu-jest-Festiwal-Kazimiera-Wo\u017aniak.mp3'>Bo w Kamieniu jest festiwal<\/a><\/li><li><a href='http:\/\/kamienskidomkultury.pl\/stawnianki\/wp-content\/uploads\/2020\/07\/17-Nowoczesna-Babcia-Kazimiera-Wo\u017aniak.mp3'>Nowoczesna Babcia<\/a><\/li>\t<\/ol>\n\t<\/noscript>\n\t<script type=\"application\/json\" class=\"wp-playlist-script\">{\"type\":\"audio\",\"tracklist\":true,\"tracknumbers\":true,\"images\":true,\"artists\":false,\"tracks\":[{\"src\":\"http:\/\/kamienskidomkultury.pl\/stawnianki\/wp-content\/uploads\/2020\/07\/01-Na-mazurskiej-ziemi-ludowa.mp3\",\"type\":\"audio\/mpeg\",\"title\":\"Na Kamie\\u0144skiej Ziemi\",\"caption\":\"\",\"description\":\"\\\"\\u015acie\\u017cka 1\\\".\",\"meta\":{\"artist\":\"Stawnianki\",\"length_formatted\":\"2:44\"},\"image\":{\"src\":\"http:\/\/kamienskidomkultury.pl\/stawnianki\/wp-includes\/images\/media\/audio.svg\",\"width\":48,\"height\":64},\"thumb\":{\"src\":\"http:\/\/kamienskidomkultury.pl\/stawnianki\/wp-includes\/images\/media\/audio.svg\",\"width\":48,\"height\":64}},{\"src\":\"http:\/\/kamienskidomkultury.pl\/stawnianki\/wp-content\/uploads\/2020\/07\/02-Miko\\u0142ajek-Nadmorski-Kazimiera-Wo\\u017aniak.mp3\",\"type\":\"audio\/mpeg\",\"title\":\"Miko\\u0142ajek Nadmorski\",\"caption\":\"\",\"description\":\"\\\"\\u015acie\\u017cka 2\\\".\",\"meta\":{\"artist\":\"Stawnianki\",\"length_formatted\":\"3:43\"},\"image\":{\"src\":\"http:\/\/kamienskidomkultury.pl\/stawnianki\/wp-includes\/images\/media\/audio.svg\",\"width\":48,\"height\":64},\"thumb\":{\"src\":\"http:\/\/kamienskidomkultury.pl\/stawnianki\/wp-includes\/images\/media\/audio.svg\",\"width\":48,\"height\":64}},{\"src\":\"http:\/\/kamienskidomkultury.pl\/stawnianki\/wp-content\/uploads\/2020\/07\/03-Chatka-ludowa.mp3\",\"type\":\"audio\/mpeg\",\"title\":\"Chatka\",\"caption\":\"\",\"description\":\"\\\"\\u015acie\\u017cka 3\\\".\",\"meta\":{\"artist\":\"Stawnianki\",\"length_formatted\":\"3:08\"},\"image\":{\"src\":\"http:\/\/kamienskidomkultury.pl\/stawnianki\/wp-includes\/images\/media\/audio.svg\",\"width\":48,\"height\":64},\"thumb\":{\"src\":\"http:\/\/kamienskidomkultury.pl\/stawnianki\/wp-includes\/images\/media\/audio.svg\",\"width\":48,\"height\":64}},{\"src\":\"http:\/\/kamienskidomkultury.pl\/stawnianki\/wp-content\/uploads\/2020\/07\/04-Jakie-\\u017cycie-jest-pi\\u0119kne-ludowa.mp3\",\"type\":\"audio\/mpeg\",\"title\":\"Jakie \\u017cycie jest pi\\u0119kne\",\"caption\":\"\",\"description\":\"\\\"\\u015acie\\u017cka 4\\\".\",\"meta\":{\"artist\":\"Stawnianki\",\"length_formatted\":\"2:37\"},\"image\":{\"src\":\"http:\/\/kamienskidomkultury.pl\/stawnianki\/wp-includes\/images\/media\/audio.svg\",\"width\":48,\"height\":64},\"thumb\":{\"src\":\"http:\/\/kamienskidomkultury.pl\/stawnianki\/wp-includes\/images\/media\/audio.svg\",\"width\":48,\"height\":64}},{\"src\":\"http:\/\/kamienskidomkultury.pl\/stawnianki\/wp-content\/uploads\/2020\/07\/05-Ludowa-Nutka-Kazimiera-Wo\\u017aniak.mp3\",\"type\":\"audio\/mpeg\",\"title\":\"Ludowa nutka\",\"caption\":\"\",\"description\":\"\\\"\\u015acie\\u017cka 5\\\".\",\"meta\":{\"artist\":\"Stawnianki\",\"length_formatted\":\"2:44\"},\"image\":{\"src\":\"http:\/\/kamienskidomkultury.pl\/stawnianki\/wp-includes\/images\/media\/audio.svg\",\"width\":48,\"height\":64},\"thumb\":{\"src\":\"http:\/\/kamienskidomkultury.pl\/stawnianki\/wp-includes\/images\/media\/audio.svg\",\"width\":48,\"height\":64}},{\"src\":\"http:\/\/kamienskidomkultury.pl\/stawnianki\/wp-content\/uploads\/2020\/07\/06-Ciamajda-ludowa.mp3\",\"type\":\"audio\/mpeg\",\"title\":\"Ciamajda\",\"caption\":\"\",\"description\":\"\\\"\\u015acie\\u017cka 6\\\".\",\"meta\":{\"artist\":\"Stawnianki\",\"length_formatted\":\"2:31\"},\"image\":{\"src\":\"http:\/\/kamienskidomkultury.pl\/stawnianki\/wp-includes\/images\/media\/audio.svg\",\"width\":48,\"height\":64},\"thumb\":{\"src\":\"http:\/\/kamienskidomkultury.pl\/stawnianki\/wp-includes\/images\/media\/audio.svg\",\"width\":48,\"height\":64}},{\"src\":\"http:\/\/kamienskidomkultury.pl\/stawnianki\/wp-content\/uploads\/2020\/07\/07-Oberek-z-Kamienia-Jan-Iwaszczyszyn.mp3\",\"type\":\"audio\/mpeg\",\"title\":\"Oberek z Kamienia\",\"caption\":\"\",\"description\":\"\\\"\\u015acie\\u017cka 7\\\".\",\"meta\":{\"artist\":\"Stawnianki\",\"length_formatted\":\"2:46\"},\"image\":{\"src\":\"http:\/\/kamienskidomkultury.pl\/stawnianki\/wp-includes\/images\/media\/audio.svg\",\"width\":48,\"height\":64},\"thumb\":{\"src\":\"http:\/\/kamienskidomkultury.pl\/stawnianki\/wp-includes\/images\/media\/audio.svg\",\"width\":48,\"height\":64}},{\"src\":\"http:\/\/kamienskidomkultury.pl\/stawnianki\/wp-content\/uploads\/2020\/07\/08-Kupi\\u0142a-mama-Jan-Iwaszczyszyn-.mp3\",\"type\":\"audio\/mpeg\",\"title\":\"Kupi\\u0142a mama\",\"caption\":\"\",\"description\":\"\\\"\\u015acie\\u017cka 8\\\".\",\"meta\":{\"artist\":\"Stawnianki\",\"length_formatted\":\"3:07\"},\"image\":{\"src\":\"http:\/\/kamienskidomkultury.pl\/stawnianki\/wp-includes\/images\/media\/audio.svg\",\"width\":48,\"height\":64},\"thumb\":{\"src\":\"http:\/\/kamienskidomkultury.pl\/stawnianki\/wp-includes\/images\/media\/audio.svg\",\"width\":48,\"height\":64}},{\"src\":\"http:\/\/kamienskidomkultury.pl\/stawnianki\/wp-content\/uploads\/2020\/07\/09-Zakocha\\u0142-si\\u0119-ludowa.mp3\",\"type\":\"audio\/mpeg\",\"title\":\"Zakocha\\u0142 si\\u0119\",\"caption\":\"\",\"description\":\"\\\"\\u015acie\\u017cka 9\\\".\",\"meta\":{\"artist\":\"Stawnianki\",\"length_formatted\":\"3:06\"},\"image\":{\"src\":\"http:\/\/kamienskidomkultury.pl\/stawnianki\/wp-includes\/images\/media\/audio.svg\",\"width\":48,\"height\":64},\"thumb\":{\"src\":\"http:\/\/kamienskidomkultury.pl\/stawnianki\/wp-includes\/images\/media\/audio.svg\",\"width\":48,\"height\":64}},{\"src\":\"http:\/\/kamienskidomkultury.pl\/stawnianki\/wp-content\/uploads\/2020\/07\/10-Tam-kraj-szcz\\u0119\\u015bliwy-Kazimiera-Wo\\u017aniak.mp3\",\"type\":\"audio\/mpeg\",\"title\":\"Tam kraj szcz\\u0119\\u015bliwy\",\"caption\":\"\",\"description\":\"\\\"\\u015acie\\u017cka 10\\\".\",\"meta\":{\"artist\":\"Stawnianki\",\"length_formatted\":\"2:56\"},\"image\":{\"src\":\"http:\/\/kamienskidomkultury.pl\/stawnianki\/wp-includes\/images\/media\/audio.svg\",\"width\":48,\"height\":64},\"thumb\":{\"src\":\"http:\/\/kamienskidomkultury.pl\/stawnianki\/wp-includes\/images\/media\/audio.svg\",\"width\":48,\"height\":64}},{\"src\":\"http:\/\/kamienskidomkultury.pl\/stawnianki\/wp-content\/uploads\/2020\/07\/11-Trzy-razy-kuku\\u0142eczka-ludowa.mp3\",\"type\":\"audio\/mpeg\",\"title\":\"Trzy razy kuku\\u0142eczka\",\"caption\":\"\",\"description\":\"\\\"\\u015acie\\u017cka 11\\\".\",\"meta\":{\"artist\":\"Stawnianki\",\"length_formatted\":\"2:27\"},\"image\":{\"src\":\"http:\/\/kamienskidomkultury.pl\/stawnianki\/wp-includes\/images\/media\/audio.svg\",\"width\":48,\"height\":64},\"thumb\":{\"src\":\"http:\/\/kamienskidomkultury.pl\/stawnianki\/wp-includes\/images\/media\/audio.svg\",\"width\":48,\"height\":64}},{\"src\":\"http:\/\/kamienskidomkultury.pl\/stawnianki\/wp-content\/uploads\/2020\/07\/12-\\u0141aweczka-Jan-Iwaszczyszyn.mp3\",\"type\":\"audio\/mpeg\",\"title\":\"\\u0141aweczka\",\"caption\":\"\",\"description\":\"\\\"\\u015acie\\u017cka 12\\\".\",\"meta\":{\"artist\":\"Stawnianki\",\"length_formatted\":\"3:15\"},\"image\":{\"src\":\"http:\/\/kamienskidomkultury.pl\/stawnianki\/wp-includes\/images\/media\/audio.svg\",\"width\":48,\"height\":64},\"thumb\":{\"src\":\"http:\/\/kamienskidomkultury.pl\/stawnianki\/wp-includes\/images\/media\/audio.svg\",\"width\":48,\"height\":64}},{\"src\":\"http:\/\/kamienskidomkultury.pl\/stawnianki\/wp-content\/uploads\/2020\/07\/13-Zakwit\\u0142-w-mym-ogrodzie-jan-Iwaszczyszyn.mp3\",\"type\":\"audio\/mpeg\",\"title\":\"Zakwit\\u0142 w mym ogrodzie\",\"caption\":\"\",\"description\":\"\\\"\\u015acie\\u017cka 13\\\".\",\"meta\":{\"artist\":\"Stawnianki\",\"length_formatted\":\"4:04\"},\"image\":{\"src\":\"http:\/\/kamienskidomkultury.pl\/stawnianki\/wp-includes\/images\/media\/audio.svg\",\"width\":48,\"height\":64},\"thumb\":{\"src\":\"http:\/\/kamienskidomkultury.pl\/stawnianki\/wp-includes\/images\/media\/audio.svg\",\"width\":48,\"height\":64}},{\"src\":\"http:\/\/kamienskidomkultury.pl\/stawnianki\/wp-content\/uploads\/2020\/07\/14-Paproci-kwiat-Jan-Iwaszczyszyn.mp3\",\"type\":\"audio\/mpeg\",\"title\":\"Paproci kwiat\",\"caption\":\"\",\"description\":\"\\\"\\u015acie\\u017cka 14\\\".\",\"meta\":{\"artist\":\"Stawnianki\",\"length_formatted\":\"3:07\"},\"image\":{\"src\":\"http:\/\/kamienskidomkultury.pl\/stawnianki\/wp-includes\/images\/media\/audio.svg\",\"width\":48,\"height\":64},\"thumb\":{\"src\":\"http:\/\/kamienskidomkultury.pl\/stawnianki\/wp-includes\/images\/media\/audio.svg\",\"width\":48,\"height\":64}},{\"src\":\"http:\/\/kamienskidomkultury.pl\/stawnianki\/wp-content\/uploads\/2020\/07\/15-Bo\\u015bmy-s\\u0105-ze-Stawna-Jan-Iwaszczyszyn.mp3\",\"type\":\"audio\/mpeg\",\"title\":\"Bo\\u015bmy s\\u0105 ze Stawna\",\"caption\":\"\",\"description\":\"\\\"\\u015acie\\u017cka 15\\\".\",\"meta\":{\"artist\":\"Stawnianki\",\"length_formatted\":\"2:22\"},\"image\":{\"src\":\"http:\/\/kamienskidomkultury.pl\/stawnianki\/wp-includes\/images\/media\/audio.svg\",\"width\":48,\"height\":64},\"thumb\":{\"src\":\"http:\/\/kamienskidomkultury.pl\/stawnianki\/wp-includes\/images\/media\/audio.svg\",\"width\":48,\"height\":64}},{\"src\":\"http:\/\/kamienskidomkultury.pl\/stawnianki\/wp-content\/uploads\/2020\/07\/16-Bo-w-Kamieniu-jest-Festiwal-Kazimiera-Wo\\u017aniak.mp3\",\"type\":\"audio\/mpeg\",\"title\":\"Bo w Kamieniu jest festiwal\",\"caption\":\"\",\"description\":\"\\\"\\u015acie\\u017cka 16\\\".\",\"meta\":{\"artist\":\"Stawnianki\",\"length_formatted\":\"3:05\"},\"image\":{\"src\":\"http:\/\/kamienskidomkultury.pl\/stawnianki\/wp-includes\/images\/media\/audio.svg\",\"width\":48,\"height\":64},\"thumb\":{\"src\":\"http:\/\/kamienskidomkultury.pl\/stawnianki\/wp-includes\/images\/media\/audio.svg\",\"width\":48,\"height\":64}},{\"src\":\"http:\/\/kamienskidomkultury.pl\/stawnianki\/wp-content\/uploads\/2020\/07\/17-Nowoczesna-Babcia-Kazimiera-Wo\\u017aniak.mp3\",\"type\":\"audio\/mpeg\",\"title\":\"Nowoczesna Babcia\",\"caption\":\"\",\"description\":\"\\\"\\u008ccie\\u00bfka 17\\\".\",\"meta\":{\"artist\":\"Stawnianki\",\"length_formatted\":\"2:36\"},\"image\":{\"src\":\"http:\/\/kamienskidomkultury.pl\/stawnianki\/wp-includes\/images\/media\/audio.svg\",\"width\":48,\"height\":64},\"thumb\":{\"src\":\"http:\/\/kamienskidomkultury.pl\/stawnianki\/wp-includes\/images\/media\/audio.svg\",\"width\":48,\"height\":64}}]}<\/script>\n<\/div>\n\t\n<div class=\"su-image-carousel  su-image-carousel-has-spacing su-image-carousel-crop su-image-carousel-crop-4-3 su-image-carousel-has-lightbox su-image-carousel-has-outline su-image-carousel-adaptive su-image-carousel-slides-style-default su-image-carousel-controls-style-dark su-image-carousel-align-none\" style=\"\" data-flickity-options='{\"groupCells\":true,\"cellSelector\":\".su-image-carousel-item\",\"adaptiveHeight\":false,\"cellAlign\":\"left\",\"prevNextButtons\":true,\"pageDots\":true,\"autoPlay\":5000,\"imagesLoaded\":true,\"contain\":true,\"selectedAttraction\":0.025,\"friction\":0.28}' id=\"su_image_carousel_69e370752702a\"><div class=\"su-image-carousel-item\"><div class=\"su-image-carousel-item-content\"><a href=\"http:\/\/kamienskidomkultury.pl\/stawnianki\/wp-content\/uploads\/2019\/10\/1-2-2.png\" target=\"_blank\" rel=\"noopener noreferrer\" data-caption=\"\"><img loading=\"lazy\" decoding=\"async\" width=\"800\" height=\"570\" src=\"http:\/\/kamienskidomkultury.pl\/stawnianki\/wp-content\/uploads\/2019\/10\/1-2-2.png\" class=\"\" alt=\"\" srcset=\"http:\/\/kamienskidomkultury.pl\/stawnianki\/wp-content\/uploads\/2019\/10\/1-2-2.png 800w, http:\/\/kamienskidomkultury.pl\/stawnianki\/wp-content\/uploads\/2019\/10\/1-2-2-300x214.png 300w, http:\/\/kamienskidomkultury.pl\/stawnianki\/wp-content\/uploads\/2019\/10\/1-2-2-768x547.png 768w, http:\/\/kamienskidomkultury.pl\/stawnianki\/wp-content\/uploads\/2019\/10\/1-2-2-600x428.png 600w\" sizes=\"auto, (max-width: 800px) 100vw, 800px\" \/><\/a><\/div><\/div><\/div><script id=\"su_image_carousel_69e370752702a_script\">if(window.SUImageCarousel){setTimeout(function() {window.SUImageCarousel.initGallery(document.getElementById(\"su_image_carousel_69e370752702a\"))}, 0);}var su_image_carousel_69e370752702a_script=document.getElementById(\"su_image_carousel_69e370752702a_script\");if(su_image_carousel_69e370752702a_script){su_image_carousel_69e370752702a_script.parentNode.removeChild(su_image_carousel_69e370752702a_script);}<\/script>\n<p style=\"text-align: center;\">Nagrywanie p\u0142yty przez <em>Stawnianki<\/em><\/p>\n","protected":false},"excerpt":{"rendered":"<p>\u00a0 Na Kamie\u0144skiej ZiemiMiko\u0142ajek NadmorskiChatkaJakie \u017cycie jest pi\u0119kneLudowa nutkaCiamajdaOberek z KamieniaKupi\u0142a mamaZakocha\u0142 si\u0119Tam kraj szcz\u0119\u015bliwyTrzy razy kuku\u0142eczka\u0141aweczkaZakwit\u0142 w mym ogrodziePaproci kwiatBo\u015bmy s\u0105 ze StawnaBo w Kamieniu jest festiwalNowoczesna Babcia Nagrywanie p\u0142yty przez Stawnianki<\/p>\n","protected":false},"author":1,"featured_media":0,"parent":0,"menu_order":0,"comment_status":"closed","ping_status":"closed","template":"","meta":{"footnotes":""},"class_list":["post-8479","page","type-page","status-publish","hentry"],"_links":{"self":[{"href":"http:\/\/kamienskidomkultury.pl\/stawnianki\/wp-json\/wp\/v2\/pages\/8479","targetHints":{"allow":["GET"]}}],"collection":[{"href":"http:\/\/kamienskidomkultury.pl\/stawnianki\/wp-json\/wp\/v2\/pages"}],"about":[{"href":"http:\/\/kamienskidomkultury.pl\/stawnianki\/wp-json\/wp\/v2\/types\/page"}],"author":[{"embeddable":true,"href":"http:\/\/kamienskidomkultury.pl\/stawnianki\/wp-json\/wp\/v2\/users\/1"}],"replies":[{"embeddable":true,"href":"http:\/\/kamienskidomkultury.pl\/stawnianki\/wp-json\/wp\/v2\/comments?post=8479"}],"version-history":[{"count":11,"href":"http:\/\/kamienskidomkultury.pl\/stawnianki\/wp-json\/wp\/v2\/pages\/8479\/revisions"}],"predecessor-version":[{"id":10784,"href":"http:\/\/kamienskidomkultury.pl\/stawnianki\/wp-json\/wp\/v2\/pages\/8479\/revisions\/10784"}],"wp:attachment":[{"href":"http:\/\/kamienskidomkultury.pl\/stawnianki\/wp-json\/wp\/v2\/media?parent=8479"}],"curies":[{"name":"wp","href":"https:\/\/api.w.org\/{rel}","templated":true}]}}