{"id":8457,"date":"2019-10-15T12:43:21","date_gmt":"2019-10-15T10:43:21","guid":{"rendered":"http:\/\/kamienskidomkultury.pl\/stawnianki\/?page_id=8457"},"modified":"2019-10-29T14:34:42","modified_gmt":"2019-10-29T13:34:42","slug":"kontakt","status":"publish","type":"page","link":"http:\/\/kamienskidomkultury.pl\/stawnianki\/kontakt\/","title":{"rendered":"Kontakt"},"content":{"rendered":"<div class=\"su-spacer\" style=\"height:20px\"><\/div>\n<div class=\"su-row\">\n<div class=\"su-column su-column-size-2-3\"><div class=\"su-column-inner su-u-clearfix su-u-trim\"> <div class=\"su-gmap su-u-responsive-media-yes\"><iframe loading=\"lazy\" width=\"600\" height=\"400\" src=\"\/\/maps.google.com\/maps?q=stawno&amp;output=embed\" title=\"\"><\/iframe><\/div> \u00a0 <\/div><\/div>\n<div class=\"su-column su-column-size-1-3\"><div class=\"su-column-inner su-u-clearfix su-u-trim\">\n<h3>Adres<\/h3>\n<p>Stowarzyszenie Zesp\u00f3\u0142 Ludowy Stawnianki<\/p>\n<p>Stawno 3A, 72-400 Kamie\u0144 Pomorski, woj. Zachodniopomorskie<\/p>\n<h3>Numer kontaktowy<\/h3>\n<p>Kierownik zespo\u0142u- <strong><em>Lidia Dziobak<\/em><\/strong><em>: <\/em>691-738-016<\/p>\n<h3>Adres e-mail<\/h3>\n<p><u><\/u>stawnianki44@poczta.onet.pl<\/p>\n<h3>NIP\u00a0 \u00a0 \u00a0 \u00a0 \u00a0 \u00a0 \u00a0 REGON<\/h3>\n<p>9860242380\u00a0 \u00a0 \u00a0 \u00a0 \u00a0 \u00a0 \u00a0 36366620300000<\/p>\n<\/div><\/div>\n<\/div>\n<div class=\"su-row\">\n<p><img loading=\"lazy\" decoding=\"async\" class=\"alignnone wp-image-7468\" src=\"http:\/\/narya.premiumcoding.com\/wp-content\/uploads\/2014\/12\/avatar.jpg\" alt=\"\" width=\"220\" height=\"220\" \/><\/div>\n<h3>Wy\u015blij wiadomo\u015b\u0107<\/h3>\n<div class=\"su-spacer\" style=\"height:20px\"><\/div>\n\n<div class=\"wpcf7 no-js\" id=\"wpcf7-f8415-o1\" lang=\"pl-PL\" dir=\"ltr\" data-wpcf7-id=\"8415\">\n<div class=\"screen-reader-response\"><p role=\"status\" aria-live=\"polite\" aria-atomic=\"true\"><\/p> <ul><\/ul><\/div>\n<form action=\"\/stawnianki\/wp-json\/wp\/v2\/pages\/8457#wpcf7-f8415-o1\" method=\"post\" class=\"wpcf7-form init\" aria-label=\"Formularz kontaktowy\" novalidate=\"novalidate\" data-status=\"init\">\n<fieldset class=\"hidden-fields-container\"><input type=\"hidden\" name=\"_wpcf7\" value=\"8415\" \/><input type=\"hidden\" name=\"_wpcf7_version\" value=\"6.1\" \/><input type=\"hidden\" name=\"_wpcf7_locale\" value=\"pl_PL\" \/><input type=\"hidden\" name=\"_wpcf7_unit_tag\" value=\"wpcf7-f8415-o1\" \/><input type=\"hidden\" name=\"_wpcf7_container_post\" value=\"0\" \/><input type=\"hidden\" name=\"_wpcf7_posted_data_hash\" value=\"\" \/>\n<\/fieldset>\n<p><label> Imi\u0119 i nazwisko (wymagane)<br \/>\n<span class=\"wpcf7-form-control-wrap\" data-name=\"your-name\"><input size=\"40\" maxlength=\"400\" class=\"wpcf7-form-control wpcf7-text wpcf7-validates-as-required\" aria-required=\"true\" aria-invalid=\"false\" value=\"\" type=\"text\" name=\"your-name\" \/><\/span> <\/label>\n<\/p>\n<p><label> Adres email (wymagane)<br \/>\n<span class=\"wpcf7-form-control-wrap\" data-name=\"your-email\"><input size=\"40\" maxlength=\"400\" class=\"wpcf7-form-control wpcf7-email wpcf7-validates-as-required wpcf7-text wpcf7-validates-as-email\" aria-required=\"true\" aria-invalid=\"false\" value=\"\" type=\"email\" name=\"your-email\" \/><\/span> <\/label>\n<\/p>\n<p><label> Temat<br \/>\n<span class=\"wpcf7-form-control-wrap\" data-name=\"your-subject\"><input size=\"40\" maxlength=\"400\" class=\"wpcf7-form-control wpcf7-text\" aria-invalid=\"false\" value=\"\" type=\"text\" name=\"your-subject\" \/><\/span> <\/label>\n<\/p>\n<p><label> Tre\u015b\u0107 wiadomo\u015bci<br \/>\n<span class=\"wpcf7-form-control-wrap\" data-name=\"your-message\"><textarea cols=\"40\" rows=\"10\" maxlength=\"2000\" class=\"wpcf7-form-control wpcf7-textarea\" aria-invalid=\"false\" name=\"your-message\"><\/textarea><\/span> <\/label>\n<\/p>\n<p><input class=\"wpcf7-form-control wpcf7-submit has-spinner\" type=\"submit\" value=\"Wy\u015blij\" \/>\n<\/p><p style=\"display: none !important;\" class=\"akismet-fields-container\" data-prefix=\"_wpcf7_ak_\"><label>&#916;<textarea name=\"_wpcf7_ak_hp_textarea\" cols=\"45\" rows=\"8\" maxlength=\"100\"><\/textarea><\/label><input type=\"hidden\" id=\"ak_js_1\" name=\"_wpcf7_ak_js\" value=\"211\"\/><script>document.getElementById( \"ak_js_1\" ).setAttribute( \"value\", ( new Date() ).getTime() );<\/script><\/p><div class=\"wpcf7-response-output\" aria-hidden=\"true\"><\/div>\n<\/form>\n<\/div>\n\n","protected":false},"excerpt":{"rendered":"<p>\u00a0 Adres Stowarzyszenie Zesp\u00f3\u0142 Ludowy Stawnianki Stawno 3A, 72-400 Kamie\u0144 Pomorski, woj. Zachodniopomorskie Numer kontaktowy Kierownik zespo\u0142u- Lidia Dziobak: 691-738-016 Adres e-mail stawnianki44@poczta.onet.pl NIP\u00a0 \u00a0 \u00a0 \u00a0 \u00a0 \u00a0 \u00a0 REGON 9860242380\u00a0 \u00a0 \u00a0 \u00a0 \u00a0 \u00a0 \u00a0 36366620300000 Wy\u015blij wiadomo\u015b\u0107 Imi\u0119 i nazwisko (wymagane) Adres email (wymagane) Temat Tre\u015b\u0107 wiadomo\u015bci &#916;<\/p>\n","protected":false},"author":1,"featured_media":0,"parent":0,"menu_order":0,"comment_status":"closed","ping_status":"closed","template":"","meta":{"footnotes":""},"class_list":["post-8457","page","type-page","status-publish","hentry"],"_links":{"self":[{"href":"http:\/\/kamienskidomkultury.pl\/stawnianki\/wp-json\/wp\/v2\/pages\/8457","targetHints":{"allow":["GET"]}}],"collection":[{"href":"http:\/\/kamienskidomkultury.pl\/stawnianki\/wp-json\/wp\/v2\/pages"}],"about":[{"href":"http:\/\/kamienskidomkultury.pl\/stawnianki\/wp-json\/wp\/v2\/types\/page"}],"author":[{"embeddable":true,"href":"http:\/\/kamienskidomkultury.pl\/stawnianki\/wp-json\/wp\/v2\/users\/1"}],"replies":[{"embeddable":true,"href":"http:\/\/kamienskidomkultury.pl\/stawnianki\/wp-json\/wp\/v2\/comments?post=8457"}],"version-history":[{"count":19,"href":"http:\/\/kamienskidomkultury.pl\/stawnianki\/wp-json\/wp\/v2\/pages\/8457\/revisions"}],"predecessor-version":[{"id":10400,"href":"http:\/\/kamienskidomkultury.pl\/stawnianki\/wp-json\/wp\/v2\/pages\/8457\/revisions\/10400"}],"wp:attachment":[{"href":"http:\/\/kamienskidomkultury.pl\/stawnianki\/wp-json\/wp\/v2\/media?parent=8457"}],"curies":[{"name":"wp","href":"https:\/\/api.w.org\/{rel}","templated":true}]}}